{"id":44,"date":"2014-07-27T16:34:17","date_gmt":"2014-07-27T15:34:17","guid":{"rendered":"http:\/\/www.christelburghoorn.nl\/?page_id=44"},"modified":"2024-09-01T14:57:57","modified_gmt":"2024-09-01T12:57:57","slug":"c-v-referenties","status":"publish","type":"page","link":"https:\/\/www.christelburghoorn.nl\/?page_id=44","title":{"rendered":"C.V. referenties"},"content":{"rendered":"<p><strong>Christel Burghoorn<\/strong> (1968)<br \/>\nPijlhovestraat 22<br \/>\n7521VT Enschede<br \/>\nNederland<br \/>\nTel: 0031 628891310<br \/>\nMail: info@kunstenglaswerk.nl<br \/>\nwww.kunstenglaswerk.nl<br \/>\nwww.geboorteglas.nl<br \/>\nwww.christelburghoorn.n<\/p>\n<h5><strong>Opleidingen:<\/strong><\/h5>\n<ul>\n<li>\u00a01987 HAVO \u2018EPL\u2019 Eindhoven, diploma.<\/li>\n<li>1989 &#8211; 1994 Studie Kunstakademie AKI Enschede, afgestudeerd vakgroep Gemengde Media.<\/li>\n<li>1993 sept.- dec. Studie, uitwisseling Kunstakademie Duncan of Jordanstone College of Art, vakgroep Beeldhouwen Dundee, Schotland.<\/li>\n<li>2004 Cursusreeks vervaardigen glas in lood door Hans Morselt, Enschede.<\/li>\n<li>2005 Cursusreeks brandschilderen op glas door Diego Semprun Nicolas, Tubbergen.<\/li>\n<li>2014 3-Daagse glas-seminar verschillende glas-smelt en vormtechnieken door SiO2 Hein van de Water, Groningen.<\/li>\n<li>2019 Onder leiding van Adriana Breukink leren houtdraaien en bouwen van blokfluiten, gevolgd door kleppenbouw voor haar blokfluiten.<\/li>\n<li>2019 Opleiding metaalbewerking\/edelsmeden van koper, brons, messing en zilver t.b.v. vervaardigen van blokfluitkleppen, docent David Kerkhof, Grollo.<\/li>\n<li>2022 Bijscholing speciale technieken brandschildering door Peli Glass Lisa di Campli, Voorburg.<\/li>\n<li>2024 Bijscholing geavanceerd brandschilderen bij Peli Glass door Paul J\u00fcrgens.<\/li>\n<li>2024 Beginselen van voicen en intoneren van blokfluiten door Nikolaj Ronimus, Concervatorium Wenen.<\/li>\n<\/ul>\n<h5><strong>Samenwerkingen:<\/strong><\/h5>\n<p>\u2043 2015 &#8211; 2019 Lid van Zt kunstcollectief, samenwerking en jaarlijks exposeren met groep vrouwelijke beeldend kunstenaars.<br \/>\n\u2043 2015 &#8211; 2019 Samenwerking met Marieke Oosterveen in Atelier Buitengewoon, creatieve workshops in de natuur(Oldenzaal), Stadsherberg(Enschede).<br \/>\n\u2043 2016 &#8211; 2023 Samenwerking met Annemarie Huirne in Project Uitloper, experimenteel kunstproject, plantengroei op textiel en kleding.<br \/>\n\u2043 2019 &#8211; 2020 Samenwerking met Margit Rusert(DE) in Euregio\/Interreg project taNDem, Busstop 10 exposities in bushaltes tussen Enschede en Osnabr\u00fcck (DE).<\/p>\n<h5>Subsidies \/ toekenningen \/ erkenningen:<\/h5>\n<ul>\n<li>2011: Subsidie Gemeente Enschede voor realiseren Enjoy the Crisis kunstkalender 2011.<\/li>\n<li>2012: Subsidie Gemeente Enschede voor realiseren expositie \u2018De Laatste Dag\u2019 in Kunstfort Vijfhuizen.<\/li>\n<li>2012: Selectie en deelname aan Landartproject expositie in Kirsten Kjaer Museum Denemarken.<\/li>\n<li>2016: Subsidie Gemeente Enschede voor expositie met Zt Kunstcollectief bij kunstfestival Vestingval Elburg.<\/li>\n<li>2018 Selectie en deelname aan houtsymposium Mehmels(DE) samen met Jurgen Kuipers.<\/li>\n<li>2019 &#8211; 2020 Subsidie Euregio\/Interreg voor taNDem kunstproject, samenwerking met Margit Rusert, met 10 exposities tussen Enschede en Osnabr\u00fcck(DE).<\/li>\n<li>2020: aug Nominatie voor Artist residency in Kloster Gravenhorst(DE) en deelname aan Ein Ganzer Tag, Ideeenwerkstatt en presentatie projectplan in Kloster Gravenhorst, samen met Margit Rusert.<\/li>\n<li>2020 &#8211; 2021: Nominatie, subsidie en vervolgtraject masterclasses Toekomstdenken met expositie in Hengelo en Emmen, met Annemarie Huirne met Project Uitloper. M.m.v. Stichting Kunst &amp; Cultuur Assen.<\/li>\n<li>2021: Nominatie en subsidie voor uitvoeren Project Uitloper kunstproject Scheefgroei, met Annemarie Huirne, gefinancierd door Textielfestival Twente Catwalk Forces of Nature.<\/li>\n<li>2021: Aangekochte Kunstpresentatie Project Uitloper(met Annemarie Huirne) in ladekast Kunstenschool en Techniekmuseum Oyfo, Hengelo.<\/li>\n<li>2022: oktober Lezing\/presentatie over eigen glas en lood kunstwerken bij Qua Art Qua Sciece in Museumfabriek Enschede.<\/li>\n<\/ul>\n<h5>Publicaties:<\/h5>\n<p>\u2043 2008: Wonen in Twente magazine, artikel en prijsvraag.<br \/>\n\u2043 2011: Enjoy the Crisis kunstkalender.<br \/>\n\u2043 2012: Catalogus expositie \u2018De Laatste Dag\u2019 Kunstfort Vijfhuizen.<br \/>\n\u2043 2019 &#8211; 2020: Catalogus taNDem project Busstop.<\/p>\n<h5><strong>Exposities, opdrachten, projecten en andere activiteiten<\/strong><\/h5>\n<p><strong>2024:<\/strong><\/p>\n<ul>\n<li>Okt: Expositie Glasrijk Tubbergen, Ode aan de Korenbloem.<\/li>\n<li>Aug: Begin glasworkshops in eigen atelier.<\/li>\n<li>Jun: Brandschildering Maria Magdalena voor klant.<\/li>\n<li>Mei: Geboorteglas Glas in lood Zacky, Utrecht.<\/li>\n<li>Mei: Restauratie 2 glas in loodpanelen 1905 voor dubbelglas, Hengelo.<\/li>\n<\/ul>\n<p><strong>2023:<\/strong><\/p>\n<ul>\n<li>Dec: Diverse glazen Kunst-kerststerren, Tiffany techniek.<\/li>\n<li>Nov: Geboorteglas glas in lood Nine Enschede.<\/li>\n<li>Sep: Kunst glas in lood-paneel voor grachtenpand Amsterdam.<\/li>\n<li>Aug: Kunst glas in lood-paneel Hartenvrouw, Almkerk.<\/li>\n<li>Juli: Geboorteglas Eleanora Anna, Arizona USA.<\/li>\n<li>Apr: Geboorteglas glas in lood Nox, Enschede.<\/li>\n<li>Mei: Geboorteglas glas in lood Ave, Houten.<\/li>\n<li>Mrt: Kunst gebrandschilderd glas in lood Dandelion in dubbelglas, Enschede.<\/li>\n<li>Tot maart: co\u00f6rdinator van 17 tuinvrijwilligers die de kunsttuinen van Rijksmuseum Twenthe onderhouden. Ontwerp tuinen: Claudy Jongstra, Christiaan Zwanikken, Elspeth Diederik en Stefan Jaspers.<\/li>\n<\/ul>\n<p><strong>2022:<\/strong><\/p>\n<ul>\n<li>\u00a0Tot oktober: Blokfluit-kleppenbouw voor Adriana Breukink, geniaal blokfluitbouwster met opdrachten uit hele wereld. Helaas overleed Adriana onverwachts op 7 oktober 2022.<\/li>\n<li>Okt: Presentatie \/ lezing over eigen glas in lood kunstwerken voor Qua Art Qua Science, Museumfabriek, Enschede.<\/li>\n<li>Aug: Kunst glas in lood Lentink, Haren. Ingebouwd in huis Lentink.<\/li>\n<li>Aug: Kunst glas in lood Sahhar, Parijs, Frankrijk.<\/li>\n<li>Jul: Restauratie 2 glas in loodpanelen 1910 voor dubbelglas, Enschede.<\/li>\n<li>Mrt: Expositie pentekening \/ glasontwerp \u2018Queens of the Round Table\u2019 bij 15 jaar Zt kunstcollectief, Arendsmanhuis, Enschede.<\/li>\n<li>Door jaar heen, co\u00f6rdineren tuinvrijwilligers van Rijksmuseum Twenthe. 2022 nieuwe Heemtuin van Stefan Jaspers.<\/li>\n<\/ul>\n<p><strong>2021:<\/strong><\/p>\n<ul>\n<li>\u00a0Dec: Kunst glas in lood Snowy, Enschede.<\/li>\n<li>Blokfluit-kleppenbouw en aanverwante werkzaamheden voor Adriana Breukink, blokfluitbouwster.<\/li>\n<li>Aug: Expositie Tankstation, registraties Project Uitloper (samenwerking met Annemarie Huirne). Kunstproject, combineren van plantengroei op textielvormen, wat bijzondere kunstobjecten oplevert, Enschede.<\/li>\n<li>Juli: Geboorteglas glas in lood Mirre, Houten.<\/li>\n<li>Juni: Geboorteglas glas in lood Mathijs Sander, Hengelo.<\/li>\n<li>Mei \/ nov: Project Uitloper \u2018Ontworteld\u2019 kunstwerk gebouwd en gegroeid op locatie in roggeveld bij Lonnekermeer, onderdeel van Textielfestival Twente Catwalk Forces of Nature, Hengelo.<\/li>\n<li>Nov: Project Uitloper presentatielade in Kunstenschool en Techniekmuseum Oyfo, Hengelo.<\/li>\n<li>Deelname expositie Toekomstdenken CBK Rensenpark Emmen, samenwerking met Annemarie Huirne Project Uitloper, \u2019Scheefgroei\u2019, binnen en buitenlocatie, Emmen.<\/li>\n<li>Door jaar heen, co\u00f6rdineren tuinvrijwilligers van Rijksmuseum Twenthe. 2021 nieuwe Lavendel Multifida-tuin en kinetische Basilicum-binnentuinen van Christiaan Zwanikken. Daarnaast in november start van nieuwe achtertuin: Sottobosco tuin van Elspeth Diederix.<\/li>\n<\/ul>\n<p><strong>2020:<\/strong><\/p>\n<ul>\n<li>Dec: Project Uitloper Workshops met Annemarie Huirne bij Techniekmuseum Oyfo, Hengelo.<\/li>\n<li>Dec: Geboorteglas glas in lood Klaas Willem, Enschede.<\/li>\n<li>Okt 2020 &#8211; jan 2021: Expositie Project Uitloper \u2018Ontkiemend textiel &#8211; een experiment\u2019 (samenwerking met Annemarie Huirne) Oyfo Hengelo.<\/li>\n<li>Okt: Lezing over Project Uitloper, samen met Annemarie Huirne, Oyfo Techniekmuseum in het kader van Twente Circulair Festival.<\/li>\n<li>Aug: Samenwerking met Margit Rusert, Nominatie voor Artist residency in Kloster Gravenhorst(DE) en deelname aan Ein Ganzer Tag, Ideeenwerkstatt en presentatie projectplan in Kloster Gravenhorst (DE).<\/li>\n<li>2019 sep. &#8211; 2020 juli: geselecteerd voor grensoverschrijdend DE\/NL Euregio \/ Interreg kunstproject taNDem met Duitse kunstpartner Margit Rusert. Jaarthema Energie. Kunstinvulling: 10 dagexposities in geselecteerde bushaltes in Enschede, Oldenzaal, de Lutte, Bad Bentheim, Schuttorf, Rheine, H\u00f6rstel, Ibbenb\u00fcren, Tecklenburg, Osnabr\u00fcck, en eindpresentatie in XPO Enschede en Bad Bentheim.<\/li>\n<li>Apr: Geboorteglasglas in lood Geloof Hoop Liefde, Zaltbommel.<\/li>\n<li>Feb: Deelname expositie Toekomstdenken Zaal Zuid Hengelo. Nominatie, vergoeding en vervolgtraject met Project Uitloper (samenwerking met Annemarie Huirne).<\/li>\n<li>Door jaar heen: blokfluit en kleppenbouw voor Adriana Breukink, blokfluitbouwster, Enschede.<\/li>\n<li>Start samenwerking met Rijksmuseum Twenthe als tuinvrijwilligers-coordinator in programmalijn Het Groene Lab. Eerste jaar, binnentuin verbouwd met verfplantenvakken door Claudy Jongstra in samenwerking met Stefan Jaspers.<\/li>\n<\/ul>\n<p><strong>2019<\/strong><\/p>\n<ul>\n<li>Dec: Geboorteglas glas in lood Pieter Hendrik Egbert, Arizona, USA.<\/li>\n<li>Dec: Geboorteglas glas in lood Maarten Thomas, Hengelo.<\/li>\n<li>Nov: 2 kookworkshops bij TETEM-lezingavonden Enschede en Almelo.<\/li>\n<li>Sep: Expositie in Impulse Building Wageningen University &amp; Research, Project Uitloper, registraties en objecten (samenwerking met Annemarie Huirne).<\/li>\n<li>Sep: Artist residency en expositie met Zt kunstcollectief, Alicante, Spanje.<\/li>\n<li>Geselecteerd voor Euregio \/ Interreg taNDem kunstproject samenwerking met Margit Rusert eerste helft voorbereid en voltooid.<\/li>\n<li>Jun: Expositie met Zt kunstcollectief in Kloostergaarde, Zenderen.<\/li>\n<li>Jun: Deelname Kunstroute Kunstenlandschap met Annemarie Huirne, Project Uitloper \u2018Kiemverleden\u2019, presentatie in kas Landgoed Vreugdehil.<\/li>\n<li>Apr: Geboorteglas glas in lood Juliette, Utrecht.<\/li>\n<li>Mrt: Start werk instrumentbouw bij Adriana Breukink, blokfluitbouwster, Enschede.<\/li>\n<li>Feb: Gebrandschilderd glas in lood kunstwerk Virgo, Kortenhoef.<\/li>\n<\/ul>\n<p><strong>2018<\/strong><\/p>\n<ul>\n<li>\u00a0Dec: Diverse glazen kunst-kerststerren.<\/li>\n<li>Dec: Vuurworkshops bij Stadsherberg, Stadhuis Enschede.<\/li>\n<li>Jul\/Aug: Workshops Koud glas in Rijksmuseum Twenthe, Enschede.<\/li>\n<li>Jul: Deelname houtsymposium Mehmels (DE), houtkunstwerken vervaardigd samen met Jurgen Kuipers.<\/li>\n<li>Jun: Expositie en verkoop glas-kunstwerken bij Galerie Hartware by Geesje, centrum Enschede.<\/li>\n<li>Jun: Kunst in het Volkspark, deelname met glaskunstwerken, Enschede.<\/li>\n<li>Apr: Workshop Koud glas in Rijksmuseum Twenthe, Enschede.<\/li>\n<li>Apr\/Jun: Groepsexpositie Kunstnonstop Discomfort in Heartgallery Hengelo met Project Uitloper, kiemkunstwerken (samenwerking met Annemarie Huirne).<\/li>\n<li>Feb: Lezing in Stadsmuseum Almelo, \u2018Vreemde objecten in een ander daglicht.<\/li>\n<li>Diverse glaskunstwerken op bestelling gemaakt en verkocht, o.a. Chinese Elf, Blauwe Juf, Kattenglas, Tiffany-Lens-glas kunstwerken.<\/li>\n<\/ul>\n<p><strong>2017<\/strong><\/p>\n<ul>\n<li>Dec: 5 Relatiegeschenken voor dankbetuiging Gemeente Losser.<\/li>\n<li>Dec: Glas in lood kunstwerken verkocht in Concordia Kunstwinkel.<\/li>\n<li>Dec: Expositie bij Galerie Hartware by Geesje, kunst curiosa en antiek.<\/li>\n<li>Sep: Kunst-glas in lood voor inbouw in voordeur klant, Enschede.<\/li>\n<li>Sep: Kunst-glas in lood Papegaai, Hengelo.<\/li>\n<li>Juni: Kunstroute Kunstenlandschap, omgeving Lonneker.<\/li>\n<li>Jun: Kunst in het Volkspark, jaarlijkse kunstfair, Enschede.<\/li>\n<li>Jun: Expositie in St. Josephkerk Enschede, Open Monumentendag.<\/li>\n<li>Juni\/aug: Expositie glas-expositieruimte De deel, Lonneker.<\/li>\n<li>Mei\/jun: Expositie bij Art 4theBenefit, expositieruimte centrum Enschede.<\/li>\n<li>Mei: Groepsexpositie \u2018Leven is kort, kunst is lang\u2019 Zt kunstcollectief, Tankstation Enschede.<\/li>\n<li>Verschillende fermenteerworkshops in 2 winkels in Enschede.<\/li>\n<li>Mei: Samenwerking met Rudi Bastiaans, experimenten met glasverven in zeefdruk technieken, AKI kunstacademie Enschede.<\/li>\n<li>Mei: Maker Festival Twente, Project Uitloper #5 Kiemjuwelen en tarwegraskleding (samenwerking met Annemarie Huirne).<\/li>\n<li>Mrt: Lezing samen met Annemarie Huirne over Project Uitloper kunst-kiemproject, AKI Artez kunstacademie, Enschede.<\/li>\n<li>Feb: Voor TETEM kunstruimte vervaardigd Project Uitloper #4 Het Eetbare Tafelkleed, groeiende eetbare kiemen op textielkleed, gepresenteerd en gebruikt bij eetgelegenheid aanbevelings-commissie Maker Festival Twente.<\/li>\n<li>Door jaar heen, verschillende Geboorteglas glas in lood kunstwerken voor geboren kinderen.<\/li>\n<\/ul>\n<p><strong>2016<\/strong><\/p>\n<ul>\n<li>Dec: Catering Stadsherberg bij Winterwonderland Gemeentehuis Enschede (samen met Marieke Oosterveen).<\/li>\n<li>Jul: Project Uitloper #2 Kiemjurk, presentatie bij I Am Media. Jurk waarop levende eetbare kiemgroentes groeien.<\/li>\n<li>Jun: Kunst in het Volkspark, jaarlijkse kunstfair, Enschede.<\/li>\n<li>Mei: Maker Festival Twente, Project Uitloper #1 Kiembegin. Experimenteel kunstproject met kiemgroenten groeiend op textiel en kleding, samenwerking met Annemarie Huirne.<\/li>\n<li>Diverse natuur- en kookgerelateerde evenementen bij Atelier Buitengewoon, Oldenzaal (samenwerking met Marieke Oosterveen).<\/li>\n<li>Mei: Groepsexpositie met Zt Kunstcollectief in Vestingval Elburg, 10 daags kunst-evenement.<\/li>\n<li>Seizoensgebonden kookworkshops met wildpluk en fermenteren.<\/li>\n<li>Mei: 21 Deelname aan F\u00e9te de la Nature bij Dynamo Expo, koken op vuur.<\/li>\n<li>Mei: 22 Atelier Buitengewoon, Knapzak Picknick (samenwerking met Marieke Oosterveen).<\/li>\n<li>Begeleiden studentengroep Universiteit Twente, vakgroep Creative Technology.<\/li>\n<li>Diverse glas in lood kunstwerken op bestelling gemaakt, o.a. Levensboom, Libelle, Kersenbloesem en Zwaard.<\/li>\n<\/ul>\n<p><strong>2015<\/strong><\/p>\n<ul>\n<li>\u00a0Dec: Catering Stadsherberg bij Winterwonderland Gemeentehuis Enschede (samen met Marieke Oosterveen).<\/li>\n<li>Nov: Kunst glas in lood in opdracht Kalkoen voor inbouw in huis, Enschede.<\/li>\n<li>Okt: Nacht van de Nacht evenement, nachtwandeling en kampvuur-eten in Atelier Buitengewoon Oldenzaal (samen met Marieke Oosterveen).<\/li>\n<li>Sep: Deelname aan Barticamp festival Eibergen met Zt Kunstcollectief.<\/li>\n<li>\u00a0Aug: Local Sunday Market, deelname met glas in lood.<\/li>\n<li>\u00a0Jul: Op bestelling Tafelkunstwerken van glas, Boekelo.<\/li>\n<li>\u00a0Jul: Kunsttuin Knollenland (groentetuin) ontworpen en uitgevoerd voor expositie en boekpresentatie Merlijne. Marrell bij Dynamo Expo Enschede.<\/li>\n<li>Begeleiden studentengroep Universiteit Twente, vakgroep Creative Technology.<\/li>\n<li>\u00a0Voor Diego Semprun Nicolas frame van kunstwerk gemaakt voor Soul Care Foundation.<\/li>\n<li>\u00a0Mrt: Kunst glas in lood raam voor inbouw in huis muzikant, Enschede.<\/li>\n<\/ul>\n<p><strong>2014<\/strong><\/p>\n<ul>\n<li>\u00a0Dec: Deelname aan 3 daagse Glass-seminar bij SiO2 Groningen.<\/li>\n<li>Jul: Afronding groot glas in lood project, en plaatsing in landhuis de Keizer, Boekelo.<\/li>\n<li>\u00a0Verschillende glas in lood en andere kunst opdrachten.<\/li>\n<li>\u00a0Apr: Atelier en Enjoy the Crisis verhuisd naar Pijlhovestraat 22, Enschede.<\/li>\n<li>\u00a0Vervaardigen metaalframes voor glas in lood Diego Semprun Nicolas voor klooster in Denekamp.<\/li>\n<li>Dec: Deelname aan 3 daagse Glass-seminar bij SiO2 Groningen.<\/li>\n<\/ul>\n<p><strong>2013<\/strong><\/p>\n<ul>\n<li>\u00a0Organiseren van exposities en andere bijeenkomsten bij eigen kunstinitiatief Enjoy the Crisis Toonzaal voor kunst. Locatie: Fabrieksschool, Noorderhagen 13 Enschede.<\/li>\n<li>Jun:Twente Bi\u00ebnnale in Balengebouw Enschede.<\/li>\n<li>\u00a0Realiseren grote en middelgrote glas in lood opdrachten.<\/li>\n<li>\u00a0Verzorgen kunstuitleen bij IT-bedrijf T-Xchange Enschede.<\/li>\n<li>\u00a0Okt: Verhuizing van atelier en Enjoy the Crisis van Fabrieksschool naar nieuwe locatie Meuwenstraat, Enschede. Nieuw: Enjoy the Crisis, Grow your own Food (I.p.v. Toonzaal voor kunst), workshops en evenementen rondom verbouwen voedsel, stadstuinieren en koken.<\/li>\n<\/ul>\n<p><strong>2012<\/strong><\/p>\n<ul>\n<li>Okt: Kunstroute Geesteren Gelselaar.<\/li>\n<li>Sep: Landart-project Kunstlokaal 11, Borculo.<\/li>\n<li>Jul: Landart-project in Noord Denemarken, bij Kirsten Kjaer Museum.<\/li>\n<li>Dec: Organisatie en deelname groepsexpositie De Laatste Dag in Kunstfort Vijfhuizen.<\/li>\n<li>Overname kunstuitleen voor bedrijven van Ella Buzo.<\/li>\n<li>Maandelijks wisselende exposities van andere kunstenaars bij Enjoy the Crisis Toonzaal voor Kunst, Fabrieksschool Noorderhagen Enschede.<\/li>\n<li>Verschillende kunst en glas in lood opdrachten verwezenlijkt.<\/li>\n<\/ul>\n<p><strong>2011<\/strong><\/p>\n<ul>\n<li>Jun: Twente Bi\u00ebnnale, Hengelo.<\/li>\n<li>Apr: Landart-project, Landgoed de Morgenstern, Zwiep, Lochem.<\/li>\n<li>Curator en host van eigen kunstinitiatief Enjoy the Crisis Toonzaal voor Kunst, maandelijks nieuwe exposities van wisselende kunstenaars.<\/li>\n<li>Meerdere kunstopdrachten en vrije kunstwerken verwezenlijkt.<\/li>\n<\/ul>\n<p><strong>2010<\/strong><\/p>\n<ul>\n<li>Dec:Publicatie Enjoy the Crisis Kunstkalender 2011, met medewerking van 12 Enschedese Kunstenaars.<\/li>\n<li>Jul: Gogbot Festival, Enschede.<\/li>\n<li>Feb: Verhuizing van eigen Kunst en Glaswerk atelier naar binnenstad van Enschede, Fabrieksschool, Noorderhagen.<\/li>\n<li>Start expositieruimte Enjoy the Crisis Toonzaal voor Kunst in 2e ruimte Fabrieksschool, Noorderhagen Enschede. Vanaf dit moment elke maand nieuwe exposities georganiseerd van wisselende kunstenaars.<\/li>\n<li>Kunstopdrachten voor particulieren, bedrijven en Gemeente Enschede.<\/li>\n<\/ul>\n<p><strong>2009<\/strong><\/p>\n<ul>\n<li>Okt: Glasrijk Tubbergen.<\/li>\n<li>Aug: TETEM 2 Multi-Solo_Expositie.<\/li>\n<li>Jun: Kunst in het Volkspark, Enschede.<\/li>\n<\/ul>\n<p><strong>2008<\/strong><\/p>\n<ul>\n<li>Okt: Verplaatsing Biorotor-beeld naar definitieve plaats bij Twence afvalverwerking, Hengelo.<\/li>\n<li>Mrt: Solo-expositie bij B93 kunstinitiatief, Enschede.<\/li>\n<li>Kunst en glas in lood opdrachten voor bedrijven en particulieren.<\/li>\n<\/ul>\n<p><strong>2007<\/strong><\/p>\n<ul>\n<li>\u00a0Aug: Bathmense Kunstbiennale.<\/li>\n<li>Jul: Afwerken glas in lood panelen en plaatsing kunstwerk Biorotor op tijdelijke locatie bij bedrijf Twence afvalverwerking, Hengelo.<\/li>\n<\/ul>\n<p><strong>2006<\/strong><\/p>\n<ul>\n<li>Sep: Glasrijk Tubbergen.<\/li>\n<li>Meerdere opdrachten en projecten.<\/li>\n<li>Eerste jaar ondernemer in kunst en glas in lood onder de naam Kunst &amp; Glaswerk<\/li>\n<\/ul>\n<p><strong>2005<\/strong><\/p>\n<ul>\n<li>Okt.: Expositie Roeikunst, Thyro Enschede.<\/li>\n<li>Sep: Glasrijk Tubbergen, internationaal Glaskunstmanifestatie.<\/li>\n<li>Studie \/ cursusreeks brandschilderen van glas door Diego Semprun Nicolas.<\/li>\n<li>Begin ondernemers-praktijk met kunst en glas in lood onder de naam Kunst &amp; Glaswerk.<\/li>\n<\/ul>\n<p><strong>2004<\/strong><\/p>\n<ul>\n<li>Studie \/ cursusreeks vervaardigen van glas in lood, docent Hans Morselt.<\/li>\n<\/ul>\n<p><strong>2002<\/strong><\/p>\n<ul>\n<li>Expositie Wending Oude Blasiuskerk Kunstmanifestatie Delden.<\/li>\n<\/ul>\n<p><strong>2001<\/strong><\/p>\n<ul>\n<li>Groepsexpositie Een Jaar Later, locatie Galerie Objectief, n.a.v. vuurwerkramp, Enschede.<\/li>\n<li>kunstopdracht, vloerdecoratie Bever Zwerfsport Enschede.<\/li>\n<\/ul>\n<p><strong>2000<\/strong><\/p>\n<ul>\n<li>Mei: Kunstatelier directiegebouw Bamshoeve afgebrand bij vuurwerkramp, Enschede.<\/li>\n<\/ul>\n<p><strong>1999<\/strong><\/p>\n<ul>\n<li>Okt: Groepsexpositie Galerie Cocon, Oosterwolde.<\/li>\n<li>Jun: Performance Festival, Voormalig Gerechtsgebouw Almelo.<\/li>\n<\/ul>\n<p><strong>1998<\/strong><\/p>\n<ul>\n<li>Okt: Expositie Update 98, Wirtschaftszentrum Gronau (DE).<\/li>\n<li>Okt: Kunstroute Zeddam Kunstdorp.<\/li>\n<li>Jul: Kunstopdracht kunstmanifestatie Alles Stroomt, Kampen.<\/li>\n<\/ul>\n<p><strong>1997<\/strong><\/p>\n<ul>\n<li>Jun\/aug: Expositie Bast, Galerie Cocon, Oosterwolde, met Saskia van Dijk en Tabitha van Spankeren.<\/li>\n<li>Kunstopdracht basisschool Het Palet, Enschede.<\/li>\n<\/ul>\n<p><strong>1996<\/strong><\/p>\n<ul>\n<li>Jul: Expositie BAM, Bamshoeve, Enschede.<\/li>\n<\/ul>\n<p><strong>1995<\/strong><\/p>\n<ul>\n<li>Apr: Solo expositie Ag De Molen expositieruimte, Hengelo.<\/li>\n<\/ul>\n<p><strong>1994<\/strong><\/p>\n<ul>\n<li>Nov: Afgestudeerd aan AKI kunstacademie Enschede, vakgroep Gemengde Media. Eindexamen-expositie Grijze Zaal, AKI Enschede.<\/li>\n<li>Aug: Smeedcursus in Scarrif, Ierland.<\/li>\n<\/ul>\n<p><strong>1993<\/strong><\/p>\n<ul>\n<li>Sep. &#8211; dec.: Uitwisselingsproject \/ Student exchange: Les aan Kunstacademie Duncan of Jordanstone, College of Art, Dundee, Schotland.<\/li>\n<li>Aug: Smeedcursus in Scarrif, Ierland.<\/li>\n<\/ul>\n<p><strong>1989<\/strong><\/p>\n<ul>\n<li>Aug: Begin studie aan AKI akademie voor beeldende kunst, Enschede.<\/li>\n<\/ul>\n<p><strong>1987<\/strong><\/p>\n<ul>\n<li>Eindexamen HAVO \u2018EPL\u2019 Eindhoven, diploma.<\/li>\n<\/ul>\n<p><strong>1968<\/strong><\/p>\n<ul>\n<li>Geboren te Eindhoven.<\/li>\n<\/ul>\n","protected":false},"excerpt":{"rendered":"<p>Christel Burghoorn (1968) Pijlhovestraat 22 7521VT Enschede Nederland Tel: 0031 628891310 Mail: info@kunstenglaswerk.nl www.kunstenglaswerk.nl www.geboorteglas.nl www.christelburghoorn.n Opleidingen: \u00a01987 HAVO \u2018EPL\u2019 Eindhoven, diploma. 1989 &#8211; 1994 Studie Kunstakademie AKI Enschede, afgestudeerd vakgroep Gemengde Media. 1993 sept.- dec. Studie, uitwisseling Kunstakademie Duncan of Jordanstone College of Art, vakgroep Beeldhouwen Dundee, Schotland. 2004 Cursusreeks vervaardigen glas in lood &hellip; <a href=\"https:\/\/www.christelburghoorn.nl\/?page_id=44\" class=\"more-link\">Lees verder <span class=\"screen-reader-text\">C.V. referenties<\/span> <span class=\"meta-nav\">&rarr;<\/span><\/a><\/p>\n","protected":false},"author":3,"featured_media":0,"parent":0,"menu_order":0,"comment_status":"closed","ping_status":"closed","template":"","meta":{"footnotes":""},"class_list":["post-44","page","type-page","status-publish","hentry"],"_links":{"self":[{"href":"https:\/\/www.christelburghoorn.nl\/index.php?rest_route=\/wp\/v2\/pages\/44","targetHints":{"allow":["GET"]}}],"collection":[{"href":"https:\/\/www.christelburghoorn.nl\/index.php?rest_route=\/wp\/v2\/pages"}],"about":[{"href":"https:\/\/www.christelburghoorn.nl\/index.php?rest_route=\/wp\/v2\/types\/page"}],"author":[{"embeddable":true,"href":"https:\/\/www.christelburghoorn.nl\/index.php?rest_route=\/wp\/v2\/users\/3"}],"replies":[{"embeddable":true,"href":"https:\/\/www.christelburghoorn.nl\/index.php?rest_route=%2Fwp%2Fv2%2Fcomments&post=44"}],"version-history":[{"count":12,"href":"https:\/\/www.christelburghoorn.nl\/index.php?rest_route=\/wp\/v2\/pages\/44\/revisions"}],"predecessor-version":[{"id":651,"href":"https:\/\/www.christelburghoorn.nl\/index.php?rest_route=\/wp\/v2\/pages\/44\/revisions\/651"}],"wp:attachment":[{"href":"https:\/\/www.christelburghoorn.nl\/index.php?rest_route=%2Fwp%2Fv2%2Fmedia&parent=44"}],"curies":[{"name":"wp","href":"https:\/\/api.w.org\/{rel}","templated":true}]}}